{"id":474,"date":"2014-09-26T09:35:39","date_gmt":"2014-09-26T08:35:39","guid":{"rendered":"http:\/\/www.haggadalensfiber.se\/?page_id=474"},"modified":"2026-01-26T15:54:48","modified_gmt":"2026-01-26T14:54:48","slug":"installationsinstruktioner","status":"publish","type":"page","link":"https:\/\/www.haggadalensfiber.se\/?page_id=474","title":{"rendered":"Installation hemma"},"content":{"rendered":"<h1>H\u00e4r finns instruktioner och guider inf\u00f6r installationen av fiber.<\/h1>\n<h3>Se \u00e4ven <a href=\"https:\/\/www.haggadalensfiber.se\/?page_id=497\">Fiberanslutning \u2013 Hur g\u00e5r det till?<\/a><\/h3>\n<p>&nbsp;<\/p>\n<h3><strong>Gr\u00e4vning p\u00e5 tomten, samt fasadboxen, hur skall man montera den?<\/strong><\/h3>\n<p><a href=\"https:\/\/www.haggadalensfiber.se\/wp-content\/uploads\/2014\/09\/Fastighetsinstallation-plast-2013-06-14.pdf\">Fastighetsinstallation (plast), 2013-06-14<\/a><br \/>\nI denna instruktion (samma som levereras med utomhusboxen) st\u00e5r det att man ska l\u00e4mna 50 cm fiber inomhus, sen m\u00e5ste man ju ber\u00e4kna hur mycket fiberkabel som beh\u00f6vs fr\u00e5n ing\u00e5ngsh\u00e5let fr\u00e5n utsidan fram till sj\u00e4lva mediaboxen!<br \/>\nObservera att boxen skall monteras p\u00e5 utsidan av huset p\u00e5 en h\u00f6jd av mellan 50 &#8211; 150 cm \u00f6ver mark. Detta f\u00f6r att f\u00e5 en rimlig arbetsh\u00f6jd vid svetsning av fibern.<\/p>\n<p>&nbsp;<\/p>\n<h3><strong>Hur skarvar man markslangen korrekt?<\/strong><\/h3>\n<p><a href=\"https:\/\/www.haggadalensfiber.se\/wp-content\/uploads\/2014\/09\/Skarvning-16_12mm.pdf\">Skarvning 16_12mm<\/a><\/p>\n<h3><\/h3>\n<h3><strong>Instruktionsfilm Utomhusdosan:<\/strong><\/h3>\n<p><iframe loading=\"lazy\" title=\"Montering fiberdosa\" width=\"474\" height=\"267\" src=\"https:\/\/www.youtube.com\/embed\/UlXjErdOQ4k?feature=oembed\" frameborder=\"0\" allow=\"accelerometer; autoplay; clipboard-write; encrypted-media; gyroscope; picture-in-picture; web-share\" referrerpolicy=\"strict-origin-when-cross-origin\" allowfullscreen><\/iframe><\/p>\n<p><iframe loading=\"lazy\" title=\"Montering fiber i dosa\" width=\"474\" height=\"267\" src=\"https:\/\/www.youtube.com\/embed\/C_lzfU8KhOM?feature=oembed\" frameborder=\"0\" allow=\"accelerometer; autoplay; clipboard-write; encrypted-media; gyroscope; picture-in-picture; web-share\" referrerpolicy=\"strict-origin-when-cross-origin\" allowfullscreen><\/iframe><\/p>\n<p>&nbsp;<\/p>\n<h3><strong>Mediaboxen (routern) fr\u00e5n NetAtOnce:<\/strong><\/h3>\n<p>Inteno EG300 har utg\u00e5tt och ersatts av <a href=\"https:\/\/genexis.eu\/product\/fibertwist-g6414\/#overview\" target=\"_blank\" rel=\"noopener\">Genexis FiberTwist G6414<\/a>:<\/p>\n<p><img loading=\"lazy\" decoding=\"async\" class=\"alignnone size-full wp-image-2804\" src=\"https:\/\/www.haggadalensfiber.se\/wp-content\/uploads\/2026\/01\/FiberTwist-G6414-EU-1.gif\" alt=\"\" width=\"600\" height=\"438\" \/><\/p>\n<p>Routern<\/p>\n<p><img loading=\"lazy\" decoding=\"async\" class=\"alignnone size-full wp-image-2805\" src=\"https:\/\/www.haggadalensfiber.se\/wp-content\/uploads\/2026\/01\/FiberTwist-FTU-300-01.gif\" alt=\"\" width=\"600\" height=\"482\" \/><\/p>\n<p>Underdel till routern<\/p>\n<p>Vad du \u00e4n g\u00f6r &#8211; l\u00e4s inte bruksanvisningen! \ud83d\ude03 Den inneh\u00e5ller flera fel och sprider bara f\u00f6rvirring!<br \/>\nDen nya routern \u00e4r av en ny modell. Den \u00e4r tv\u00e5delad och du s\u00e4tter den bl\u00e5 fiberkablen i den undre, lilla delen. Det \u00e4r en liten bl\u00e5 lucka som man lyfter p\u00e5 f\u00f6r att s\u00e4tta i kontakten.<br \/>\nP\u00e5 ett gr\u00f6nt uttag p\u00e5 den lilla delen sitter ett svart dammskydd &#8211; ta bort den.<\/p>\n<p>P\u00e5 sj\u00e4lva routern (den st\u00f6rre delen) sitter ett dammskydd p\u00e5 en gr\u00f6n kontakt p\u00e5 baksidan &#8211; oftast r\u00f6d, men jag har sett andra f\u00e4rger. Sitter med ett l\u00e5ngt sladdrigt handtag- sv\u00e5r att missa. Den drar du loss.<br \/>\nSedan ska den stora s\u00e4ttas p\u00e5 den lilla i 45 graders vinkel &#8211; se till att passa in s\u00e5 de tv\u00e5 gr\u00f6na kontakterna m\u00f6ts n\u00e4r man vrider ihop dom. Ibland kan det k\u00e4rva s\u00e5 jag brukar vicka och skaka litet n\u00e4r jag vrider ihop dom. Det tar emot litet men tar det stopp, backa och f\u00f6rs\u00f6k igen. Den svarar inte bra p\u00e5 v\u00e5ld&#8230;.!<br \/>\nNu ska du ha en fungerande router. Ja, s\u00e4tt i str\u00f6msladden i routern ocks\u00e5!<\/p>\n<p>Lite \u00f6verkurs:<br \/>\nVill du montera den p\u00e5 v\u00e4ggen \u00e4r det den lilla delen du b\u00f6rjar med. Den best\u00e5r av tv\u00e5 delar, en vit botten och ett gr\u00e5tt innanm\u00e4te, d\u00e4r fiberkontakterna sitter. S\u00e4tt tummen i h\u00e5let d\u00e4r routerns gr\u00f6na kontakt ska f\u00e5 plats, och b\u00e4nd litet mer \u00e4n vad som k\u00e4nns bekv\u00e4mt! vicka, b\u00e4nd, ryck. Den gr\u00e5 delen ska separera fr\u00e5n den vita underdelen.<br \/>\nSkruva upp den vida bottenplattan p\u00e5 v\u00e4ggen &#8211; observera vad som \u00e4r upp &#8211; det st\u00e5r tryckt inuti. S\u00e4tt tillbaka gr\u00e5a innanm\u00e4tet och vrid p\u00e5 routern p\u00e5 bottenplattan.<\/p>\n<p>En sak till! I kartongen ligger tv\u00e5 sm\u00e5 klisterlappar med wifi l\u00f6senordet! Tappa inte bort dom!<\/p>\n<h3>Instruktionspapperet som vi delade ut tillsammans med boxarna:<br \/>\n<a href=\"https:\/\/www.haggadalensfiber.se\/wp-content\/uploads\/2014\/03\/Montering_och_installation_av_fiberutrustning.pdf\">Montering och installation av fiberutrustning<\/a><\/h3>\n<h3>Fungerar det \u00e4nd\u00e5 inte? Har det fungerat tidigare, men slutat fungera?<br \/>\n<a href=\"https:\/\/www.haggadalensfiber.se\/?page_id=1434\">L\u00e4s v\u00e5r fels\u00f6kningshj\u00e4lp<\/a><\/h3>\n<h3>N\u00e4tverk inne:<\/h3>\n<p><a href=\"https:\/\/www.haggadalensfiber.se\/wp-content\/uploads\/2014\/09\/Om-natverk-i-huset-1.pdf\">Om n\u00e4tverk i huset. Tr\u00e5dl\u00f6st<\/a><\/p>\n<p><a href=\"https:\/\/www.haggadalensfiber.se\/wp-content\/uploads\/2014\/09\/Om-natverk-i-huset-2.pdf\">Om n\u00e4tverk i huset. Med kabel<\/a><\/p>\n<p><a href=\"https:\/\/www.haggadalensfiber.se\/wp-content\/uploads\/2014\/09\/Om-natverk-i-huset-3.pdf\">Om n\u00e4tverk i huset. Tips fr\u00e5n NetAtOnce<\/a><\/p>\n<h3>Kommer fiberkabeln in p\u00e5 fel st\u00e4lle?<\/h3>\n<p><a href=\"https:\/\/www.direktronik.se\/kunskapsbanken\/natverk\/flytta-fibern\/?h=100&amp;w=100\">Flytta fiberuttaget.<\/a><\/p>\n<h3><strong>Hur man kan bygga n\u00e4tverk inne, tips och id\u00e9er:<\/strong><\/h3>\n<h6>L\u00e4nkar till Kjell&amp;co:s utm\u00e4rkta artikelserie &#8221;Hur funkar det?&#8221; som \u00e4ven finns i bokform.<br \/>\nNej vi \u00e4r inte sponsrade av Kjell&#8230;<\/h6>\n<p>&nbsp;<\/p>\n<ul class=\"subChapterList \">\n<li>\n<h5><span class=\"subChapterChildNode\">Terminologi och anslutningar<\/span><\/h5>\n<ul class=\"documentList \">\n<li><a class=\"\" href=\"http:\/\/www.kjell.com\/fraga-kjell\/hur-funkar-det\/natverk\/terminologi-och-anslutningar\/natverkstyper\">N\u00e4tverkstyper<\/a><\/li>\n<li><a class=\"\" href=\"http:\/\/www.kjell.com\/fraga-kjell\/hur-funkar-det\/natverk\/terminologi-och-anslutningar\/ipv6-ny-standard-for-ip-adresser\">IPv6 &#8211; Ny standard f\u00f6r IP-adresser<\/a><\/li>\n<li><a class=\"selected\" href=\"http:\/\/www.kjell.com\/fraga-kjell\/hur-funkar-det\/natverk\/terminologi-och-anslutningar\/internetanslutningar\">Internetanslutningar<\/a><\/li>\n<\/ul>\n<p>&nbsp;<\/li>\n<li>\n<h5><span class=\"subChapterChildNode\">Hemn\u00e4tverk<\/span><\/h5>\n<ul class=\"documentList\">\n<li><a class=\"\" href=\"http:\/\/www.kjell.com\/fraga-kjell\/hur-funkar-det\/natverk\/hemnatverk\/inkoppling-av-internet\">Inkoppling av internet<\/a><\/li>\n<li><a class=\"\" href=\"http:\/\/www.kjell.com\/fraga-kjell\/hur-funkar-det\/natverk\/hemnatverk\/lokalt-tradbundet-natverk\">Lokalt tr\u00e5dbundet n\u00e4tverk<\/a><\/li>\n<li><a class=\"\" href=\"http:\/\/www.kjell.com\/fraga-kjell\/hur-funkar-det\/natverk\/hemnatverk\/tradlost-natverk\">Tr\u00e5dl\u00f6st n\u00e4tverk<\/a><\/li>\n<li><a class=\"\" href=\"http:\/\/www.kjell.com\/fraga-kjell\/hur-funkar-det\/natverk\/hemnatverk\/battre-tradlos-tackning\">B\u00e4ttre tr\u00e5dl\u00f6s t\u00e4ckning<\/a><\/li>\n<li><a class=\"\" href=\"http:\/\/www.kjell.com\/fraga-kjell\/hur-funkar-det\/natverk\/hemnatverk\/stora-tradlosa-natverk\">Stora tr\u00e5dl\u00f6sa n\u00e4tverk<\/a><\/li>\n<li><a class=\"\" href=\"http:\/\/www.kjell.com\/fraga-kjell\/hur-funkar-det\/natverk\/hemnatverk\/kanalplanering\">Kanalplanering<\/a><\/li>\n<li><a class=\"\" href=\"http:\/\/www.kjell.com\/fraga-kjell\/hur-funkar-det\/natverk\/hemnatverk\/sakerhet-i-natverk\">S\u00e4kerhet i n\u00e4tverk<\/a><\/li>\n<li><a class=\"\" href=\"http:\/\/www.kjell.com\/fraga-kjell\/hur-funkar-det\/natverk\/hemnatverk\/vpn-tunnlar\">VPN-tunnlar<\/a><\/li>\n<li><a class=\"\" href=\"http:\/\/www.kjell.com\/fraga-kjell\/hur-funkar-det\/natverk\/hemnatverk\/att-satta-upp-en-vpn-tunnel\">Att s\u00e4tta upp en VPN-tunnel<\/a><\/li>\n<li><a class=\"\" href=\"http:\/\/www.kjell.com\/fraga-kjell\/hur-funkar-det\/natverk\/hemnatverk\/att-satta-upp-en-vpn-server-i-dsm\">Att s\u00e4tta upp en VPN-server i DSM<\/a><\/li>\n<li><a class=\"\" href=\"http:\/\/www.kjell.com\/fraga-kjell\/hur-funkar-det\/natverk\/hemnatverk\/routern-i-narbild\">Routern i n\u00e4rbild<\/a><\/li>\n<\/ul>\n<p>&nbsp;<\/li>\n<li>\n<h5><span class=\"subChapterChildNode\">Fildelning i n\u00e4tverk<\/span><\/h5>\n<ul class=\"documentList\">\n<li><a class=\"\" href=\"http:\/\/www.kjell.com\/fraga-kjell\/hur-funkar-det\/natverk\/fildelning-i-natverk\/datorbaserad-utdelning\">Datorbaserad utdelning<\/a><\/li>\n<li><a class=\"\" href=\"http:\/\/www.kjell.com\/fraga-kjell\/hur-funkar-det\/natverk\/fildelning-i-natverk\/utdelning-med-nas\">Utdelning med NAS<\/a><\/li>\n<\/ul>\n<p>&nbsp;<\/li>\n<li>\n<h5><span class=\"subChapterChildNode\">Kabelinstallation<\/span><\/h5>\n<ul class=\"documentList\">\n<li><a class=\"\" href=\"http:\/\/www.kjell.com\/fraga-kjell\/hur-funkar-det\/natverk\/kabelinstallation\/natverkskabeln\">N\u00e4tverkskabeln<\/a><\/li>\n<li><a class=\"\" href=\"http:\/\/www.kjell.com\/fraga-kjell\/hur-funkar-det\/natverk\/kabelinstallation\/montering-av-rj45\">Montering av RJ45<\/a><\/li>\n<li><a class=\"\" href=\"http:\/\/www.kjell.com\/fraga-kjell\/hur-funkar-det\/natverk\/kabelinstallation\/fast-installation-av-natverksuttag\">Fast installation av n\u00e4tverksuttag<\/a><\/li>\n<li><a class=\"\" href=\"http:\/\/www.kjell.com\/fraga-kjell\/hur-funkar-det\/natverk\/kabelinstallation\/power-over-ethernet\">Power over Ethernet<\/a><\/li>\n<\/ul>\n<\/li>\n<\/ul>\n","protected":false},"excerpt":{"rendered":"<p>H\u00e4r finns instruktioner och guider inf\u00f6r installationen av fiber. Se \u00e4ven Fiberanslutning \u2013 Hur g\u00e5r det till? &nbsp; Gr\u00e4vning p\u00e5 tomten, samt fasadboxen, hur skall man montera den? Fastighetsinstallation (plast), 2013-06-14 I denna instruktion (samma som levereras med utomhusboxen) st\u00e5r det att man ska l\u00e4mna 50 cm fiber inomhus, sen m\u00e5ste man ju ber\u00e4kna hur &hellip; <a href=\"https:\/\/www.haggadalensfiber.se\/?page_id=474\" class=\"more-link\">Forts\u00e4tt l\u00e4sa <span class=\"screen-reader-text\">Installation hemma<\/span> <span class=\"meta-nav\">&rarr;<\/span><\/a><\/p>\n","protected":false},"author":2,"featured_media":0,"parent":470,"menu_order":30,"comment_status":"closed","ping_status":"open","template":"","meta":{"footnotes":""},"class_list":["post-474","page","type-page","status-publish","hentry"],"_links":{"self":[{"href":"https:\/\/www.haggadalensfiber.se\/index.php?rest_route=\/wp\/v2\/pages\/474","targetHints":{"allow":["GET"]}}],"collection":[{"href":"https:\/\/www.haggadalensfiber.se\/index.php?rest_route=\/wp\/v2\/pages"}],"about":[{"href":"https:\/\/www.haggadalensfiber.se\/index.php?rest_route=\/wp\/v2\/types\/page"}],"author":[{"embeddable":true,"href":"https:\/\/www.haggadalensfiber.se\/index.php?rest_route=\/wp\/v2\/users\/2"}],"replies":[{"embeddable":true,"href":"https:\/\/www.haggadalensfiber.se\/index.php?rest_route=%2Fwp%2Fv2%2Fcomments&post=474"}],"version-history":[{"count":37,"href":"https:\/\/www.haggadalensfiber.se\/index.php?rest_route=\/wp\/v2\/pages\/474\/revisions"}],"predecessor-version":[{"id":2806,"href":"https:\/\/www.haggadalensfiber.se\/index.php?rest_route=\/wp\/v2\/pages\/474\/revisions\/2806"}],"up":[{"embeddable":true,"href":"https:\/\/www.haggadalensfiber.se\/index.php?rest_route=\/wp\/v2\/pages\/470"}],"wp:attachment":[{"href":"https:\/\/www.haggadalensfiber.se\/index.php?rest_route=%2Fwp%2Fv2%2Fmedia&parent=474"}],"curies":[{"name":"wp","href":"https:\/\/api.w.org\/{rel}","templated":true}]}}