{"id":470,"date":"2014-09-25T15:04:53","date_gmt":"2014-09-25T14:04:53","guid":{"rendered":"http:\/\/www.haggadalensfiber.se\/?page_id=470"},"modified":"2020-04-12T13:03:48","modified_gmt":"2020-04-12T12:03:48","slug":"fragor-support","status":"publish","type":"page","link":"https:\/\/www.haggadalensfiber.se\/?page_id=470","title":{"rendered":"Support \/ Fr\u00e5gor"},"content":{"rendered":"<h3>Hur g\u00f6r jag?<\/h3>\n<h5><a href=\"http:\/\/www.haggadalensfiber.se\/?page_id=474\">Installtionsinstruktioner<\/a><\/h5>\n<h5><a href=\"http:\/\/www.haggadalensfiber.se\/?page_id=1434\">Fels\u00f6kning &#8211; Sj\u00e4lvhj\u00e4lp<\/a><\/h5>\n<h5><a href=\"http:\/\/www.haggadalensfiber.se\/?page_id=419\">Bli medlem <\/a><\/h5>\n<h5><a href=\"http:\/\/www.haggadalensfiber.se\/?page_id=1820\">Logga in i routern<\/a><\/h5>\n","protected":false},"excerpt":{"rendered":"<p>Hur g\u00f6r jag? Installtionsinstruktioner Fels\u00f6kning &#8211; Sj\u00e4lvhj\u00e4lp Bli medlem Logga in i routern<\/p>\n","protected":false},"author":2,"featured_media":0,"parent":0,"menu_order":50,"comment_status":"closed","ping_status":"open","template":"","meta":{"footnotes":""},"class_list":["post-470","page","type-page","status-publish","hentry"],"_links":{"self":[{"href":"https:\/\/www.haggadalensfiber.se\/index.php?rest_route=\/wp\/v2\/pages\/470","targetHints":{"allow":["GET"]}}],"collection":[{"href":"https:\/\/www.haggadalensfiber.se\/index.php?rest_route=\/wp\/v2\/pages"}],"about":[{"href":"https:\/\/www.haggadalensfiber.se\/index.php?rest_route=\/wp\/v2\/types\/page"}],"author":[{"embeddable":true,"href":"https:\/\/www.haggadalensfiber.se\/index.php?rest_route=\/wp\/v2\/users\/2"}],"replies":[{"embeddable":true,"href":"https:\/\/www.haggadalensfiber.se\/index.php?rest_route=%2Fwp%2Fv2%2Fcomments&post=470"}],"version-history":[{"count":9,"href":"https:\/\/www.haggadalensfiber.se\/index.php?rest_route=\/wp\/v2\/pages\/470\/revisions"}],"predecessor-version":[{"id":2019,"href":"https:\/\/www.haggadalensfiber.se\/index.php?rest_route=\/wp\/v2\/pages\/470\/revisions\/2019"}],"wp:attachment":[{"href":"https:\/\/www.haggadalensfiber.se\/index.php?rest_route=%2Fwp%2Fv2%2Fmedia&parent=470"}],"curies":[{"name":"wp","href":"https:\/\/api.w.org\/{rel}","templated":true}]}}