{"id":419,"date":"2014-09-05T11:04:06","date_gmt":"2014-09-05T10:04:06","guid":{"rendered":"http:\/\/www.haggadalensfiber.se\/?page_id=419"},"modified":"2025-09-29T20:12:31","modified_gmt":"2025-09-29T19:12:31","slug":"bli-medlem-och-fa-fiber","status":"publish","type":"page","link":"https:\/\/www.haggadalensfiber.se\/?page_id=419","title":{"rendered":"Ny medlem &#8211; Jag vill ha fiber!"},"content":{"rendered":"\n<h5 class=\"wp-block-heading\">V\u00e5rt fibern\u00e4t bygger p\u00e5 del\u00e4garskap i f\u00f6reningsform.<\/h5>\n\n\n\n<p>Kostnaden&nbsp; sattes p\u00e5 \u00e5rsst\u00e4mman (2014) till max 15.000 kr\/fastighet. Under 2015 har det visat sig att projekt\u00f6rens ber\u00e4kningar inte st\u00e4mde, s\u00e5 vi h\u00f6jde maxkostnaden till 20.500 kr (+ medlemsavgift 200 kr\/\u00e5r) p\u00e5 \u00e5rsst\u00e4mman 2015 efter noggrann analys av utf\u00f6rt jobb och ber\u00e4knad kostnad av \u00e5terst\u00e5ende jobb.<\/p>\n\n\n\n<p>I inledningsskedet har alla medlemmar betalat en \u201dintentionsinsats\u201d p\u00e5 500 kr, vilket inkluderade f\u00f6reningens \u00e5rsavgift p\u00e5 200 kr f\u00f6r 2014.<\/p>\n\n\n\n<h6 class=\"wp-block-heading\">Under byggprojektet har medlemmarna betalat enligt f\u00f6ljande:<\/h6>\n\n\n\n<ul class=\"wp-block-list\">\n<li>\n<ul class=\"wp-block-list\">\n<li><span class=\"s1\">Om man g\u00e5tt med under 2013 eller 2014 ska man ha betalat 20 900 kr (varav 400 kr \u00e4r medlemsavgifter f\u00f6r 2014 och 2015).\u00a0<\/span><\/li>\n<\/ul>\n<\/li>\n\n\n\n<li>\n<ul class=\"wp-block-list\">\n<li><span class=\"s1\">Om man \u00e4ven har valt att frik\u00f6pa sig fr\u00e5n dagsverken ska totalsumman bli 22 900 kr.\u00a0 (Dagsverken inneb\u00e4r att man hj\u00e4lper till med l\u00e4ttare sysslor under (minst) 16 timmar totalt)<br><\/span><\/li>\n<\/ul>\n<\/li>\n\n\n\n<li>\n<ul class=\"wp-block-list\">\n<li><span class=\"s1\">Bor man i Gullberg och blev medlem 2013 eller 2014 ska man ha betalat 25 900 kr ( om man valt frik\u00f6p = 27 900 kr) (Den sista medlemsavgiften f\u00f6r 2015 \u00e4r sent utskickad i \u00e5r d\u00e5 den missades i en av inbetalningarna).<\/span><\/li>\n<\/ul>\n<\/li>\n\n\n\n<li>\n<ul class=\"wp-block-list\">\n<li><span class=\"s1\">Om man blivit medlem 2015 har man inte kunnat v\u00e4lja att dagsverka utan har f\u00e5tt betala insatsen = 20 500 + medlemsavgift 200 kr + frik\u00f6p dagsverke 2000 kr= totalsumma 22 700 kr.\u00a0<\/span><\/li>\n<\/ul>\n<\/li>\n\n\n\n<li>\n<ul class=\"wp-block-list\">\n<li><span class=\"s1\">De som har delbetalat har en n\u00e5got h\u00f6gre totalsumma d\u00e5 de har betalat 100 kr extra f\u00f6r varje delbetalning.\u00a0<\/span><\/li>\n<\/ul>\n<\/li>\n\n\n\n<li><br><ul><br><li class=\"li1\"><span class=\"s1\">Har man f\u00e5tt dosa monterad kostar det 750 kr och gr\u00e4vtj\u00e4nsten kostar 2000 kr.\u00a0<\/span><\/li><br><\/ul><br><strong>Efter 2017-03-01:<\/strong><br><p>Kostnaden f\u00f6r nya medlemmar meddelas per offert i varje enskilt fall och kommer best\u00e5 av tv\u00e5 delar:<br><strong>Del 1: 22.500 kr (Gullberg 27.500 kr). Dvs den insats som alla medlemmar har betalat kollektivt f\u00f6r stamn\u00e4tet. Medlemsavgift 200 kr\/\u00e5r tillkommer.<\/strong><br><strong> Del 2: Offererat pris f\u00f6r att gr\u00e4va ner slang fr\u00e5n kopplingspunkt till tomtgr\u00e4ns, eller \u00e4nda fram till hus om s\u00e5 \u00f6nskas. Inbl\u00e5sning, svetsning och inkoppling av fiber. Om installationen kostar mindre \u00e4n del 1 blir priset f\u00f6r del 2 NOLL kr.<\/strong><br>Vi erbjuder m\u00f6jlighet till avbetalning av installtionen, med en till\u00e4ggskostnad p\u00e5 100 kr\/inbetalning.<\/p><br><br><br><strong>Efter 2025-07-01:<\/strong><br>Kostnaden f\u00f6r nya medlemmar meddelas per offert i varje enskilt fall och kommer best\u00e5 av tv\u00e5 delar:<br><strong>Del 1: 25.000 kr (Gullberg 27.500 kr). Dvs den insats som alla medlemmar har betalat kollektivt f\u00f6r stamn\u00e4tet. Medlemsavgift 200 kr\/\u00e5r tillkommer.<\/strong><br><strong> Del 2: Offererat pris f\u00f6r att gr\u00e4va ner slang fr\u00e5n kopplingspunkt till tomtgr\u00e4ns, eller \u00e4nda fram till hus om s\u00e5 \u00f6nskas. Inbl\u00e5sning, svetsning och inkoppling av fiber. Om installationen kostar mindre \u00e4n del 1 blir priset f\u00f6r del 2 NOLL kr.<\/strong><br>Vi erbjuder m\u00f6jlighet till avbetalning av installtionen, med en till\u00e4ggskostnad p\u00e5 100 kr\/inbetalning.<br><br><br><h5>D\u00e4refter kan man best\u00e4lla tj\u00e4nster i n\u00e4tet.<\/h5><br><p>Kontakta v\u00e5r kommunikationsoperat\u00f6r, Netatonce, <a href=\"http:\/\/www.netatonce.se\">www.netatonce.se<\/a> f\u00f6r att ta del av vilka operat\u00f6rer och tj\u00e4nster som finns tillg\u00e4ngliga.<\/p><br><h5>L\u00e5ter det bra?<\/h5><br><p>F\u00f6r att anm\u00e4la intresse f\u00f6r inkoppling av fiber, skicka ett mail till<br><a href=\"mai&#108;&#116;&#111;&#x3a;&#x73;&#x74;&#x79;&#x72;&#x65;lse&#110;&#64;&#104;&#97;&#x67;&#x67;&#x61;&#x64;&#x61;&#x6c;ens&#102;&#105;&#98;&#x65;&#x72;&#x2e;&#x73;&#x65;\">s&#116;&#x79;&#x72;e&#108;&#115;&#x65;&#x6e;&#64;&#104;&#97;&#x67;&#x67;a&#100;&#x61;&#x6c;&#x65;n&#115;&#x66;&#x69;b&#101;&#114;&#x2e;&#x73;e<\/a> med f\u00f6ljande information:<br><strong>* Namn<\/strong><br><strong> * Fullst\u00e4ndig postadress (+ev faktureringsadress om den avviker fr\u00e5n inkopplingsadressen)<\/strong><br><strong> * Mobiltelefonnummer (Vi skickar meddelande via SMS i vissa fall, eller kan beh\u00f6va snabbt komma i kontakt med er)<\/strong><br><strong> * E-mailadress (Fr\u00e4msta kommunikationsv\u00e4gen till medlemmarna)<\/strong><br><strong> * Fastighetsbeteckning<\/strong><\/p><br><p>Det g\u00e5r naturligtvis bra att st\u00e4lla fr\u00e5gor ocks\u00e5 om n\u00e5got \u00e4r oklart kring medlemskapet.<\/p><br><p>All medlemsinformation hanteras diskret och l\u00e4mnas aldrig ut till tredje part i reklamsyfte. Endast entrepren\u00f6rer vi anlitar och kommunikationsoperat\u00f6ren kommer att f\u00e5 tillg\u00e5ng till medlemsuppgifterna, vid sidan av styrelsen.<\/p><br><p><strong>V\u00e5rt bankgirokonto: 186-9528<\/strong><\/p><br><\/li>\n<\/ul>\n","protected":false},"excerpt":{"rendered":"<p>V\u00e5rt fibern\u00e4t bygger p\u00e5 del\u00e4garskap i f\u00f6reningsform. Kostnaden&nbsp; sattes p\u00e5 \u00e5rsst\u00e4mman (2014) till max 15.000 kr\/fastighet. Under 2015 har det visat sig att projekt\u00f6rens ber\u00e4kningar inte st\u00e4mde, s\u00e5 vi h\u00f6jde maxkostnaden till 20.500 kr (+ medlemsavgift 200 kr\/\u00e5r) p\u00e5 \u00e5rsst\u00e4mman 2015 efter noggrann analys av utf\u00f6rt jobb och ber\u00e4knad kostnad av \u00e5terst\u00e5ende jobb. I inledningsskedet &hellip; <a href=\"https:\/\/www.haggadalensfiber.se\/?page_id=419\" class=\"more-link\">Forts\u00e4tt l\u00e4sa <span class=\"screen-reader-text\">Ny medlem &#8211; Jag vill ha fiber!<\/span> <span class=\"meta-nav\">&rarr;<\/span><\/a><\/p>\n","protected":false},"author":2,"featured_media":0,"parent":0,"menu_order":5,"comment_status":"closed","ping_status":"open","template":"","meta":{"footnotes":""},"class_list":["post-419","page","type-page","status-publish","hentry"],"_links":{"self":[{"href":"https:\/\/www.haggadalensfiber.se\/index.php?rest_route=\/wp\/v2\/pages\/419","targetHints":{"allow":["GET"]}}],"collection":[{"href":"https:\/\/www.haggadalensfiber.se\/index.php?rest_route=\/wp\/v2\/pages"}],"about":[{"href":"https:\/\/www.haggadalensfiber.se\/index.php?rest_route=\/wp\/v2\/types\/page"}],"author":[{"embeddable":true,"href":"https:\/\/www.haggadalensfiber.se\/index.php?rest_route=\/wp\/v2\/users\/2"}],"replies":[{"embeddable":true,"href":"https:\/\/www.haggadalensfiber.se\/index.php?rest_route=%2Fwp%2Fv2%2Fcomments&post=419"}],"version-history":[{"count":20,"href":"https:\/\/www.haggadalensfiber.se\/index.php?rest_route=\/wp\/v2\/pages\/419\/revisions"}],"predecessor-version":[{"id":2782,"href":"https:\/\/www.haggadalensfiber.se\/index.php?rest_route=\/wp\/v2\/pages\/419\/revisions\/2782"}],"wp:attachment":[{"href":"https:\/\/www.haggadalensfiber.se\/index.php?rest_route=%2Fwp%2Fv2%2Fmedia&parent=419"}],"curies":[{"name":"wp","href":"https:\/\/api.w.org\/{rel}","templated":true}]}}