{"id":39,"date":"2014-03-01T16:48:15","date_gmt":"2014-03-01T15:48:15","guid":{"rendered":"http:\/\/www.snowleopard.se\/haggodalensfiber\/?page_id=39"},"modified":"2025-09-29T20:15:33","modified_gmt":"2025-09-29T19:15:33","slug":"styrelsen","status":"publish","type":"page","link":"https:\/\/www.haggadalensfiber.se\/?page_id=39","title":{"rendered":"Styrelsen"},"content":{"rendered":"<p><strong>Susanne Nystedt, Fritsla, Ordf\u00f6rande<\/strong><br \/>\n&#x73;&#x75;&#x73;&#x61;&#x6e;&#x6e;&#101;&#46;&#110;&#121;sted&#x74;&#x40;&#x68;&#x61;&#x67;&#x67;&#97;&#100;&#97;&#108;&#101;nsf&#x69;&#x62;&#x65;&#x72;&#x2e;&#x73;&#101;<\/p>\n<p><strong>Mats Uhl\u00e9n, Fritsla, Ledningskollen, Teknisk support<br \/>\n<\/strong>ma&#116;&#115;&#46;&#117;&#x68;&#x6c;&#x65;&#x6e;&#x40;ha&#103;&#103;&#97;&#100;&#x61;&#x6c;&#x65;&#x6e;&#x73;fi&#98;&#101;&#114;&#46;&#x73;&#x65;<br \/>\nTel: 0706014833 <strong>(Endast supportfr\u00e5gor, jag hanterar inte faktura- , avtals- eller anslutningsfr\u00e5gor, dessa tas p\u00e5 mail, <a href=\"&#x6d;&#x61;&#x69;&#x6c;&#x74;&#111;&#58;&#115;&#116;yre&#x6c;&#x73;&#x65;&#x6e;&#x40;&#x68;&#97;&#103;&#103;ada&#x6c;&#x65;&#x6e;&#x73;&#x66;&#x69;&#98;&#101;&#114;&#46;se\">&#115;&#x74;&#x79;r&#101;&#x6c;s&#101;&#x6e;&#x40;h&#97;&#x67;g&#97;&#x64;&#x61;l&#101;&#x6e;s&#102;&#x69;&#x62;&#101;&#114;&#x2e;s&#101;<\/a>)<\/strong><br \/>\nOm jag inte svarar p\u00e5 telefon, skicka SMS eller helst mail, s\u00e5 \u00e5terkommer jag n\u00e4r jag kan. N\u00e4r jag jobbar kan jag inte svara i telefon.<\/p>\n<p><strong>Krister Andersson, Fritsla<\/strong><br \/>\n&#x6b;r&#x69;&#115;&#x74;&#101;r&#x2e;a&#x6e;&#100;&#x65;&#114;s&#x73;&#111;&#x6e;&#64;h&#x61;g&#x67;&#97;&#x64;&#97;l&#x65;n&#x73;&#102;&#x69;&#x62;e&#x72;&#46;&#x73;&#101;<br \/>\nTel: 0705084998<\/p>\n<p><strong>Per-\u00c5ke Lofteg\u00e5rd, Kinna<\/strong><br \/>\n&#x70;&#101;l&#x6c;&#101;&#46;&#x6c;&#x6f;&#102;&#x74;&#x65;&#103;a&#x61;&#114;d&#x40;&#x68;&#97;&#x67;&#x67;&#97;d&#x61;&#108;e&#x6e;&#x73;&#102;&#x69;&#x62;&#101;r&#x2e;&#115;e<\/p>\n<p><strong>Henry Svaleskog, Fritsla<\/strong><br \/>\n&#104;&#x65;&#x6e;r&#121;&#x2e;s&#118;&#x61;&#x6c;&#101;&#x73;&#x6b;o&#103;&#x40;h&#97;&#x67;&#x67;&#97;&#x64;&#x61;l&#101;&#x6e;s&#102;&#x69;&#x62;&#101;&#x72;&#x2e;s&#101;<\/p>\n<p><strong>Fredrik Johansson, Fritsla<\/strong><br \/>\nf&#114;&#101;&#x64;&#x72;i&#107;&#46;&#x6a;&#x6f;&#x68;a&#110;&#115;&#x73;&#x6f;n&#64;&#104;&#x61;&#x67;&#x67;a&#100;&#97;&#x6c;&#x65;ns&#102;&#x69;&#x62;&#x65;r&#46;&#115;&#x65;<\/p>\n<p><strong>Hela styrelsen som grupp kan mailas p\u00e5<br \/>\n<\/strong> &#x73;&#116;y&#x72;&#101;&#108;&#x73;&#x65;&#110;&#64;&#x68;&#97;g&#x67;&#x61;&#100;a&#x6c;&#101;n&#x73;&#x66;&#105;b&#x65;&#114;&#46;&#x73;&#x65;<\/p>\n<div><\/div>\n<p>&nbsp;<\/p>\n<div><a href=\"https:\/\/www.haggadalensfiber.se\/wp-content\/uploads\/2014\/03\/styrelse_siluett.jpg\"><img loading=\"lazy\" decoding=\"async\" class=\"alignnone size-full wp-image-169\" src=\"https:\/\/www.haggadalensfiber.se\/wp-content\/uploads\/2014\/03\/styrelse_siluett.jpg\" alt=\"styrelse_siluett\" width=\"470\" height=\"225\" \/><\/a><\/div>\n<div><\/div>\n<div>\n<p><strong>V\u00e5r postadress:<br \/>\n(Kontoret \u00e4r normalt obemannat)<\/strong><\/p>\n<h3><strong>H\u00e4gg\u00e5dalens Fiberf\u00f6rening<\/strong><br \/>\nF\u00f6rl\u00e4ggarev\u00e4gen 50<br \/>\n<strong>511 72 Fritsla<\/strong><\/h3>\n<p><strong>Kass\u00f6r (Fakturafr\u00e5gor)<\/strong><br \/>\n<a href=\"&#x6d;&#x61;&#105;&#108;&#116;o&#x3a;&#x73;&#x74;&#121;&#114;el&#x73;&#x65;&#x6e;&#64;&#104;a&#x67;&#x67;&#x61;&#100;&#97;&#108;e&#x6e;&#x73;&#x66;&#105;&#98;er&#x2e;&#x73;&#x65;\">styrel&#115;&#101;&#110;&#64;&#104;&#97;&#103;&#x67;&#x61;&#x64;&#x61;&#x6c;&#x65;&#x6e;&#x73;&#x66;&#x69;&#x62;&#x65;r&#46;se<\/a><br \/>\n<strong>V\u00e5rt bankgirokonto: 186-9528<\/strong><\/p>\n<p><strong>Organisationsnummer: 769626-4147<\/strong><\/p>\n<\/div>\n<p><strong>\u00a0<\/strong><\/p>\n","protected":false},"excerpt":{"rendered":"<p>Susanne Nystedt, Fritsla, Ordf\u00f6rande &#115;&#x75;&#115;&#x61;&#110;&#x6e;e&#x2e;n&#121;&#x73;&#116;&#x65;&#100;&#x74;&#64;&#x68;a&#103;&#x67;&#97;&#x64;&#97;&#x6c;&#101;&#x6e;s&#x66;i&#98;&#x65;&#114;&#x2e;&#115;&#x65; Mats Uhl\u00e9n, Fritsla, Ledningskollen, Teknisk support &#109;a&#x74;s&#x2e;&#117;&#x68;&#108;&#x65;&#110;&#64;&#x68;a&#x67;&#103;&#x61;&#100;&#x61;&#108;&#x65;&#110;s&#x66;i&#x62;&#101;&#x72;&#46;&#x73;&#101; Tel: 0706014833 (Endast supportfr\u00e5gor, jag hanterar inte faktura- , avtals- eller anslutningsfr\u00e5gor, dessa tas p\u00e5 mail, &#x73;t&#x79;&#114;&#x65;&#108;s&#x65;n&#x40;&#104;&#x61;&#103;g&#x61;&#100;&#x61;&#108;e&#x6e;s&#x66;&#105;&#x62;&#101;r&#x2e;s&#x65;) Om jag inte svarar p\u00e5 telefon, skicka SMS eller helst mail, s\u00e5 \u00e5terkommer jag n\u00e4r jag kan. N\u00e4r jag jobbar kan jag inte svara i telefon. &hellip; <a href=\"https:\/\/www.haggadalensfiber.se\/?page_id=39\" class=\"more-link\">Forts\u00e4tt l\u00e4sa <span class=\"screen-reader-text\">Styrelsen<\/span> <span class=\"meta-nav\">&rarr;<\/span><\/a><\/p>\n","protected":false},"author":2,"featured_media":0,"parent":8,"menu_order":0,"comment_status":"closed","ping_status":"open","template":"","meta":{"footnotes":""},"class_list":["post-39","page","type-page","status-publish","hentry"],"_links":{"self":[{"href":"https:\/\/www.haggadalensfiber.se\/index.php?rest_route=\/wp\/v2\/pages\/39","targetHints":{"allow":["GET"]}}],"collection":[{"href":"https:\/\/www.haggadalensfiber.se\/index.php?rest_route=\/wp\/v2\/pages"}],"about":[{"href":"https:\/\/www.haggadalensfiber.se\/index.php?rest_route=\/wp\/v2\/types\/page"}],"author":[{"embeddable":true,"href":"https:\/\/www.haggadalensfiber.se\/index.php?rest_route=\/wp\/v2\/users\/2"}],"replies":[{"embeddable":true,"href":"https:\/\/www.haggadalensfiber.se\/index.php?rest_route=%2Fwp%2Fv2%2Fcomments&post=39"}],"version-history":[{"count":61,"href":"https:\/\/www.haggadalensfiber.se\/index.php?rest_route=\/wp\/v2\/pages\/39\/revisions"}],"predecessor-version":[{"id":2784,"href":"https:\/\/www.haggadalensfiber.se\/index.php?rest_route=\/wp\/v2\/pages\/39\/revisions\/2784"}],"up":[{"embeddable":true,"href":"https:\/\/www.haggadalensfiber.se\/index.php?rest_route=\/wp\/v2\/pages\/8"}],"wp:attachment":[{"href":"https:\/\/www.haggadalensfiber.se\/index.php?rest_route=%2Fwp%2Fv2%2Fmedia&parent=39"}],"curies":[{"name":"wp","href":"https:\/\/api.w.org\/{rel}","templated":true}]}}