{"id":2664,"date":"2023-11-14T13:38:36","date_gmt":"2023-11-14T12:38:36","guid":{"rendered":"https:\/\/www.haggadalensfiber.se\/?page_id=2664"},"modified":"2025-09-29T20:02:03","modified_gmt":"2025-09-29T19:02:03","slug":"salja-fastighet-med-fiber","status":"publish","type":"page","link":"https:\/\/www.haggadalensfiber.se\/?page_id=2664","title":{"rendered":"S\u00e4lja fastighet med fiber"},"content":{"rendered":"<div class=\"wp-block-image\">\n<figure class=\"aligncenter size-full is-resized\"><img loading=\"lazy\" decoding=\"async\" width=\"2400\" height=\"1878\" src=\"https:\/\/www.haggadalensfiber.se\/wp-content\/uploads\/2020\/04\/clipart-house-row-houses-clip-art-255631-1.png\" alt=\"\" class=\"wp-image-2030\" style=\"width:184px;height:auto\" srcset=\"https:\/\/www.haggadalensfiber.se\/wp-content\/uploads\/2020\/04\/clipart-house-row-houses-clip-art-255631-1.png 2400w, https:\/\/www.haggadalensfiber.se\/wp-content\/uploads\/2020\/04\/clipart-house-row-houses-clip-art-255631-1-600x470.png 600w, https:\/\/www.haggadalensfiber.se\/wp-content\/uploads\/2020\/04\/clipart-house-row-houses-clip-art-255631-1-768x601.png 768w, https:\/\/www.haggadalensfiber.se\/wp-content\/uploads\/2020\/04\/clipart-house-row-houses-clip-art-255631-1-1536x1202.png 1536w, https:\/\/www.haggadalensfiber.se\/wp-content\/uploads\/2020\/04\/clipart-house-row-houses-clip-art-255631-1-2048x1603.png 2048w\" sizes=\"auto, (max-width: 2400px) 100vw, 2400px\" \/><\/figure>\n<\/div>\n\n\n<p><strong>Om du ska s\u00e4lja huset \u2013 vad ska du g\u00f6ra?<br><\/strong><br><strong>Fastighets\u00e4gare:<\/strong><br>Ni skall skriva ett <a href=\"https:\/\/www.haggadalensfiber.se\/wp-content\/uploads\/2022\/12\/Overlatelse-2022-06-01.pdf\" data-type=\"attachment\" data-id=\"2546\">\u00f6verl\u00e5telseavtal<\/a> av medlemskap i fiberf\u00f6reningen, det finns p\u00e5 v\u00e5r hemsida under avtal och kvittenser. <br><br>\u00d6verl\u00e5telsen g\u00e4ller medlemskap i f\u00f6reningen. Den nya fastighets\u00e4garen kan ocks\u00e5 v\u00e4lja att \u00f6verta de f\u00f6rm\u00e5nliga tj\u00e4nster som tidigare fastighets\u00e4gare har tecknat med f\u00f6reningen och som ing\u00e5r i gruppavtalet. Avtalet \u00e4r bindande p\u00e5 fem \u00e5r (utg\u00e5r 31\/5-2027) vilket betyder att den som har tecknat avtal f\u00e5r en slutfaktura p\u00e5 resterande kostnad under avtalstiden, om den nya fastighets\u00e4garen inte vill \u00f6verta tj\u00e4nsteavtalet. Om k\u00f6paren inte \u00f6nskar \u00f6verta tj\u00e4nsterna i gruppavtalet f\u00e5r hen k\u00f6pa tj\u00e4nster i det \u00f6ppna n\u00e4tet. H\u00e4r visas vilka tj\u00e4nsteleverant\u00f6rer och priser som finns i det \u00f6ppna n\u00e4tet: <a href=\"https:\/\/openinfo.netatonce.net\/home\" target=\"_blank\" rel=\"noreferrer noopener\">https:\/\/openinfo.netatonce.net\/home<\/a> <br>(S\u00f6k p\u00e5 Omr\u00e5den och sedan H\u00e4gg\u00e5dalen.)<br><br>L\u00e4mna avtalet i v\u00e5r brevl\u00e5da p\u00e5 G\u00e4rdebov\u00e4gen 3 eller skicka det till oss:<br>H\u00e4gg\u00e5dalens fiberf\u00f6rening<br>F\u00f6rl\u00e4ggarev\u00e4gen 50<br>511 72 Fritsla<br><br>N\u00e4r vi f\u00e5tt avtalet meddelar vi Netatonce \u00e4garbytet och nya \u00e4garen f\u00e5r registrera sig med sina uppgifter.<br>\u00d6vriga fr\u00e5gor: <a href=\"ma&#105;&#108;&#116;&#111;&#x3a;&#x73;&#x74;&#x79;&#x72;el&#115;&#101;&#110;&#64;&#x68;&#x61;&#x67;&#x67;&#x61;da&#108;&#101;&#110;&#115;&#x66;&#x69;&#x62;&#x65;&#x72;&#46;se\">s&#116;&#x79;&#x72;e&#108;&#x73;&#x65;n&#64;&#x68;&#x61;g&#103;&#x61;&#x64;a&#108;&#x65;&#x6e;s&#102;&#105;&#x62;&#x65;r&#46;&#x73;&#x65;<\/a><\/p>\n","protected":false},"excerpt":{"rendered":"<p>Om du ska s\u00e4lja huset \u2013 vad ska du g\u00f6ra?Fastighets\u00e4gare:Ni skall skriva ett \u00f6verl\u00e5telseavtal av medlemskap i fiberf\u00f6reningen, det finns p\u00e5 v\u00e5r hemsida under avtal och kvittenser. \u00d6verl\u00e5telsen g\u00e4ller medlemskap i f\u00f6reningen. Den nya fastighets\u00e4garen kan ocks\u00e5 v\u00e4lja att \u00f6verta de f\u00f6rm\u00e5nliga tj\u00e4nster som tidigare fastighets\u00e4gare har tecknat med f\u00f6reningen och som ing\u00e5r i gruppavtalet. &hellip; <a href=\"https:\/\/www.haggadalensfiber.se\/?page_id=2664\" class=\"more-link\">Forts\u00e4tt l\u00e4sa <span class=\"screen-reader-text\">S\u00e4lja fastighet med fiber<\/span> <span class=\"meta-nav\">&rarr;<\/span><\/a><\/p>\n","protected":false},"author":2,"featured_media":0,"parent":0,"menu_order":0,"comment_status":"closed","ping_status":"closed","template":"","meta":{"footnotes":""},"class_list":["post-2664","page","type-page","status-publish","hentry"],"_links":{"self":[{"href":"https:\/\/www.haggadalensfiber.se\/index.php?rest_route=\/wp\/v2\/pages\/2664","targetHints":{"allow":["GET"]}}],"collection":[{"href":"https:\/\/www.haggadalensfiber.se\/index.php?rest_route=\/wp\/v2\/pages"}],"about":[{"href":"https:\/\/www.haggadalensfiber.se\/index.php?rest_route=\/wp\/v2\/types\/page"}],"author":[{"embeddable":true,"href":"https:\/\/www.haggadalensfiber.se\/index.php?rest_route=\/wp\/v2\/users\/2"}],"replies":[{"embeddable":true,"href":"https:\/\/www.haggadalensfiber.se\/index.php?rest_route=%2Fwp%2Fv2%2Fcomments&post=2664"}],"version-history":[{"count":4,"href":"https:\/\/www.haggadalensfiber.se\/index.php?rest_route=\/wp\/v2\/pages\/2664\/revisions"}],"predecessor-version":[{"id":2775,"href":"https:\/\/www.haggadalensfiber.se\/index.php?rest_route=\/wp\/v2\/pages\/2664\/revisions\/2775"}],"wp:attachment":[{"href":"https:\/\/www.haggadalensfiber.se\/index.php?rest_route=%2Fwp%2Fv2%2Fmedia&parent=2664"}],"curies":[{"name":"wp","href":"https:\/\/api.w.org\/{rel}","templated":true}]}}