{"id":2256,"date":"2021-12-16T11:45:11","date_gmt":"2021-12-16T10:45:11","guid":{"rendered":"https:\/\/www.haggadalensfiber.se\/?page_id=2256"},"modified":"2025-10-20T19:11:16","modified_gmt":"2025-10-20T18:11:16","slug":"kontaktformular-test","status":"publish","type":"page","link":"https:\/\/www.haggadalensfiber.se\/?page_id=2256","title":{"rendered":"Intresseanm\u00e4lan fiberanslutning"},"content":{"rendered":"\n<p><strong>Maila in dina kontaktuppgifter till H\u00e4gg\u00e5dalens fiberf\u00f6rening s\u00e5 unders\u00f6ker vi om vi kan ansluta fastigheten, och vad det kostar, och \u00e5terkommer till dig inom n\u00e5gra dagar.<\/strong><\/p>\n\n\n\n<p>Skicka mail till <a href=\"&#x6d;a&#x69;&#108;t&#x6f;&#58;&#x73;&#116;y&#x72;&#101;&#x6c;&#115;e&#x6e;&#64;&#x68;&#x61;g&#x67;&#97;d&#x61;&#108;&#x65;&#110;s&#x66;&#105;&#x62;&#101;r&#x2e;&#115;&#x65;\">s&#116;&#x79;&#x72;e&#108;&#x73;&#x65;n&#64;&#x68;&#x61;g&#103;&#x61;&#x64;a&#108;&#x65;&#x6e;s&#102;&#105;&#x62;&#x65;r&#46;&#x73;&#x65;<\/a> med f\u00f6ljande uppgifter<\/p>\n\n\n\n<p>Namn:<br>Gatuadress:<br>Postadress:<br>Fastighetsbeteckning:<br>Telefonummer:<br>E-mailadress:<\/p>\n","protected":false},"excerpt":{"rendered":"<p>Maila in dina kontaktuppgifter till H\u00e4gg\u00e5dalens fiberf\u00f6rening s\u00e5 unders\u00f6ker vi om vi kan ansluta fastigheten, och vad det kostar, och \u00e5terkommer till dig inom n\u00e5gra dagar. Skicka mail till &#115;t&#121;r&#101;l&#x73;e&#x6e;&#64;&#x68;a&#x67;g&#x61;d&#x61;l&#x65;n&#x73;f&#x69;b&#x65;&#114;&#x2e;&#115;&#x65; med f\u00f6ljande uppgifter Namn:Gatuadress:Postadress:Fastighetsbeteckning:Telefonummer:E-mailadress:<\/p>\n","protected":false},"author":2,"featured_media":0,"parent":0,"menu_order":0,"comment_status":"closed","ping_status":"closed","template":"","meta":{"footnotes":""},"class_list":["post-2256","page","type-page","status-publish","hentry"],"_links":{"self":[{"href":"https:\/\/www.haggadalensfiber.se\/index.php?rest_route=\/wp\/v2\/pages\/2256","targetHints":{"allow":["GET"]}}],"collection":[{"href":"https:\/\/www.haggadalensfiber.se\/index.php?rest_route=\/wp\/v2\/pages"}],"about":[{"href":"https:\/\/www.haggadalensfiber.se\/index.php?rest_route=\/wp\/v2\/types\/page"}],"author":[{"embeddable":true,"href":"https:\/\/www.haggadalensfiber.se\/index.php?rest_route=\/wp\/v2\/users\/2"}],"replies":[{"embeddable":true,"href":"https:\/\/www.haggadalensfiber.se\/index.php?rest_route=%2Fwp%2Fv2%2Fcomments&post=2256"}],"version-history":[{"count":8,"href":"https:\/\/www.haggadalensfiber.se\/index.php?rest_route=\/wp\/v2\/pages\/2256\/revisions"}],"predecessor-version":[{"id":2796,"href":"https:\/\/www.haggadalensfiber.se\/index.php?rest_route=\/wp\/v2\/pages\/2256\/revisions\/2796"}],"wp:attachment":[{"href":"https:\/\/www.haggadalensfiber.se\/index.php?rest_route=%2Fwp%2Fv2%2Fmedia&parent=2256"}],"curies":[{"name":"wp","href":"https:\/\/api.w.org\/{rel}","templated":true}]}}