{"id":2075,"date":"2020-04-12T19:45:59","date_gmt":"2020-04-12T18:45:59","guid":{"rendered":"https:\/\/www.haggadalensfiber.se\/?page_id=2075"},"modified":"2025-09-29T20:06:25","modified_gmt":"2025-09-29T19:06:25","slug":"villa","status":"publish","type":"page","link":"https:\/\/www.haggadalensfiber.se\/?page_id=2075","title":{"rendered":"Villa"},"content":{"rendered":"\n<figure class=\"wp-block-image size-large is-resized\"><img loading=\"lazy\" decoding=\"async\" width=\"2400\" height=\"1878\" src=\"https:\/\/www.haggadalensfiber.se\/wp-content\/uploads\/2020\/04\/clipart-house-row-houses-clip-art-255631-1.png\" alt=\"\" class=\"wp-image-2030\" style=\"width:188px;height:147px\" srcset=\"https:\/\/www.haggadalensfiber.se\/wp-content\/uploads\/2020\/04\/clipart-house-row-houses-clip-art-255631-1.png 2400w, https:\/\/www.haggadalensfiber.se\/wp-content\/uploads\/2020\/04\/clipart-house-row-houses-clip-art-255631-1-600x470.png 600w, https:\/\/www.haggadalensfiber.se\/wp-content\/uploads\/2020\/04\/clipart-house-row-houses-clip-art-255631-1-768x601.png 768w, https:\/\/www.haggadalensfiber.se\/wp-content\/uploads\/2020\/04\/clipart-house-row-houses-clip-art-255631-1-1536x1202.png 1536w, https:\/\/www.haggadalensfiber.se\/wp-content\/uploads\/2020\/04\/clipart-house-row-houses-clip-art-255631-1-2048x1603.png 2048w\" sizes=\"auto, (max-width: 2400px) 100vw, 2400px\" \/><\/figure>\n\n\n\n<p>F\u00f6r att bli medlem i f\u00f6reningen och ansluta en fastighet m\u00e5ste du fylla i ett <a href=\"https:\/\/www.haggadalensfiber.se\/?page_id=72\" target=\"_blank\" rel=\"noreferrer noopener\">Anslutningsavtal eller \u00d6verl\u00e5telseavtal<\/a> (om du k\u00f6per en redan ansluten fastighet)<br>Priset f\u00f6r anslutning \u00e4r normalt 25.000 kr (Gullberg 27.500 kr) men prisbesked l\u00e4mnas vid varje anslutningsf\u00f6rfr\u00e5gan. Om installationspriset \u00f6verstiger 25.000 kr debiteras du \u00e4ven den \u00f6verskjutande delen.<br>Vi beh\u00f6ver ocks\u00e5 ett n\u00e4tavgiftsavtal som du hittar p\u00e5 samma sida.<br>Blanketter l\u00e4mnas eller postas till v\u00e5r postl\u00e5da F\u00f6rl\u00e4ggarev\u00e4gen 50 i Fritsla.<\/p>\n\n\n\n<p><\/p>\n\n\n\n<h4 class=\"wp-block-heading\">Medlem i f\u00f6reningen:<\/h4>\n\n\n\n<p><\/p>\n\n\n\n<h5 class=\"wp-block-heading\"><a href=\"https:\/\/www.netatonce.se\/fastighet\/home\">L\u00e4s mer om Netatonce<\/a><\/h5>\n\n\n\n<h5 class=\"wp-block-heading\"><a href=\"https:\/\/www.haggadalensfiber.se\/?page_id=785\">L\u00e4s mer om Gruppanslutningsavtalet<\/a><\/h5>\n","protected":false},"excerpt":{"rendered":"<p>F\u00f6r att bli medlem i f\u00f6reningen och ansluta en fastighet m\u00e5ste du fylla i ett Anslutningsavtal eller \u00d6verl\u00e5telseavtal (om du k\u00f6per en redan ansluten fastighet)Priset f\u00f6r anslutning \u00e4r normalt 25.000 kr (Gullberg 27.500 kr) men prisbesked l\u00e4mnas vid varje anslutningsf\u00f6rfr\u00e5gan. Om installationspriset \u00f6verstiger 25.000 kr debiteras du \u00e4ven den \u00f6verskjutande delen.Vi beh\u00f6ver ocks\u00e5 ett n\u00e4tavgiftsavtal &hellip; <a href=\"https:\/\/www.haggadalensfiber.se\/?page_id=2075\" class=\"more-link\">Forts\u00e4tt l\u00e4sa <span class=\"screen-reader-text\">Villa<\/span> <span class=\"meta-nav\">&rarr;<\/span><\/a><\/p>\n","protected":false},"author":2,"featured_media":0,"parent":0,"menu_order":0,"comment_status":"closed","ping_status":"closed","template":"","meta":{"footnotes":""},"class_list":["post-2075","page","type-page","status-publish","hentry"],"_links":{"self":[{"href":"https:\/\/www.haggadalensfiber.se\/index.php?rest_route=\/wp\/v2\/pages\/2075","targetHints":{"allow":["GET"]}}],"collection":[{"href":"https:\/\/www.haggadalensfiber.se\/index.php?rest_route=\/wp\/v2\/pages"}],"about":[{"href":"https:\/\/www.haggadalensfiber.se\/index.php?rest_route=\/wp\/v2\/types\/page"}],"author":[{"embeddable":true,"href":"https:\/\/www.haggadalensfiber.se\/index.php?rest_route=\/wp\/v2\/users\/2"}],"replies":[{"embeddable":true,"href":"https:\/\/www.haggadalensfiber.se\/index.php?rest_route=%2Fwp%2Fv2%2Fcomments&post=2075"}],"version-history":[{"count":12,"href":"https:\/\/www.haggadalensfiber.se\/index.php?rest_route=\/wp\/v2\/pages\/2075\/revisions"}],"predecessor-version":[{"id":2778,"href":"https:\/\/www.haggadalensfiber.se\/index.php?rest_route=\/wp\/v2\/pages\/2075\/revisions\/2778"}],"wp:attachment":[{"href":"https:\/\/www.haggadalensfiber.se\/index.php?rest_route=%2Fwp%2Fv2%2Fmedia&parent=2075"}],"curies":[{"name":"wp","href":"https:\/\/api.w.org\/{rel}","templated":true}]}}