{"id":1434,"date":"2016-12-31T15:42:09","date_gmt":"2016-12-31T14:42:09","guid":{"rendered":"http:\/\/www.haggadalensfiber.se\/?page_id=1434"},"modified":"2026-01-26T16:37:51","modified_gmt":"2026-01-26T15:37:51","slug":"felsokning","status":"publish","type":"page","link":"https:\/\/www.haggadalensfiber.se\/?page_id=1434","title":{"rendered":"Fels\u00f6kning"},"content":{"rendered":"<h1>Om fiberanslutningen inte fungerar, fels\u00f6k sj\u00e4lv innan du kontaktar f\u00f6reningen eller Netatonce.<\/h1>\n<h5>Det f\u00f6rsta du skall g\u00f6ra om n\u00e5gon apparat kr\u00e5nglar &#8211; starta om den! Det kan r\u00e4cka f\u00f6r att den skall g\u00e5 ig\u00e5ng igen.<\/h5>\n<h4><\/h4>\n<p>&#8212;&#8212;&#8212;&#8212;&#8212;&#8212;&#8212;&#8212;&#8212;&#8212;&#8212;&#8212;&#8212;&#8212;&#8212;&#8212;&#8212;&#8212;&#8212;&#8212;&#8212;&#8212;&#8212;&#8212;&#8212;<\/p>\n<h4>VEM ANSVARAR F\u00d6R VAD?<\/h4>\n<h6>F\u00f6reningen:<br \/>\nAtt fiberkabeln \u00e4r hel och kan transportera ljus.<\/h6>\n<h6>Netatonce:<br \/>\nTj\u00e4nster i n\u00e4tet (Internet, TV, Telefon), Routern.<\/h6>\n<h6>Telia:<br \/>\nAbonnemangsfr\u00e5gor g\u00e4llande TV, Problem med sj\u00e4lva TV-boxen<\/h6>\n<p>&#8212;&#8212;&#8212;&#8212;&#8212;&#8212;&#8212;&#8212;&#8212;&#8212;&#8212;&#8212;&#8212;&#8212;&#8212;&#8212;&#8212;&#8212;&#8212;&#8212;&#8212;&#8212;&#8212;&#8212;&#8212;<\/p>\n<h4>Genexis FiberTwist G6414:<\/h4>\n<h4><img loading=\"lazy\" decoding=\"async\" class=\"alignnone  wp-image-2807\" src=\"https:\/\/www.haggadalensfiber.se\/wp-content\/uploads\/2026\/01\/GenexisrouterLED.png\" alt=\"\" width=\"623\" height=\"334\" srcset=\"https:\/\/www.haggadalensfiber.se\/wp-content\/uploads\/2026\/01\/GenexisrouterLED.png 1129w, https:\/\/www.haggadalensfiber.se\/wp-content\/uploads\/2026\/01\/GenexisrouterLED-600x321.png 600w, https:\/\/www.haggadalensfiber.se\/wp-content\/uploads\/2026\/01\/GenexisrouterLED-768x411.png 768w\" sizes=\"auto, (max-width: 623px) 100vw, 623px\" \/><\/h4>\n<p><img loading=\"lazy\" decoding=\"async\" class=\"alignnone size-full wp-image-2809\" src=\"https:\/\/www.haggadalensfiber.se\/wp-content\/uploads\/2026\/01\/GenexisLampor.png\" alt=\"\" width=\"1004\" height=\"252\" srcset=\"https:\/\/www.haggadalensfiber.se\/wp-content\/uploads\/2026\/01\/GenexisLampor.png 1004w, https:\/\/www.haggadalensfiber.se\/wp-content\/uploads\/2026\/01\/GenexisLampor-600x151.png 600w, https:\/\/www.haggadalensfiber.se\/wp-content\/uploads\/2026\/01\/GenexisLampor-768x193.png 768w\" sizes=\"auto, (max-width: 1004px) 100vw, 1004px\" \/><\/p>\n<p><strong>Routern har sm\u00e5 gr\u00f6na lampor som indikerar status.<\/strong><br \/>\n<strong>Fiberl\u00e4nk<\/strong><br \/>\n&#8211; Gr\u00f6n &#8211; routern tar emot fibersignal<br \/>\n&#8211; Blinkande gr\u00f6n &#8211; Routern startar<br \/>\n&#8211; Blinkande r\u00f6d &#8211; D\u00e5lig fibersignal. Fibern kan vara skadad!<br \/>\n&#8211; Svart &#8211; Ingen fibersignal. Fibern \u00e4r av n\u00e5gonstans!<\/p>\n<p><strong>Internet<\/strong><br \/>\n&#8211; Gr\u00f6n &#8211; Ansluten (DNS fungerar)<br \/>\n&#8211; Blinkande gr\u00f6n &#8211; Ansluten men ingen internetaccess (DNS fel)<br \/>\n&#8211; Svart &#8211; Ingen internetaccess (Ingen IP adress tilldelad)<\/p>\n<p><strong>WIFI<\/strong><br \/>\n&#8211; Gr\u00f6n &#8211; WIFI aktiv (2.4GHz + 5GHz)<br \/>\n&#8211; Svart &#8211; WIFI inaktiv \/ avst\u00e4ngd<\/p>\n<p><strong>Telefoni<\/strong><br \/>\nGr\u00f6n &#8211; Telefoni aktiv och fungerande<br \/>\nBlinkande gr\u00f6n &#8211; Telefoni f\u00f6rs\u00f6ker registrera mot server<br \/>\nSvart &#8211; Telefoni inaktiv<\/p>\n<p>&nbsp;<\/p>\n<p><img loading=\"lazy\" decoding=\"async\" class=\"alignnone size-full wp-image-2808\" src=\"https:\/\/www.haggadalensfiber.se\/wp-content\/uploads\/2026\/01\/GenexisPorts.png\" alt=\"\" width=\"645\" height=\"285\" srcset=\"https:\/\/www.haggadalensfiber.se\/wp-content\/uploads\/2026\/01\/GenexisPorts.png 645w, https:\/\/www.haggadalensfiber.se\/wp-content\/uploads\/2026\/01\/GenexisPorts-600x265.png 600w\" sizes=\"auto, (max-width: 645px) 100vw, 645px\" \/><\/p>\n<p><strong>Om routern ser r\u00e4tt ut<\/strong>, (tre gr\u00f6na lampor med fast sken) f\u00f6rs\u00e4kra dig om att det inte \u00e4r datorn som br\u00e5kar. Starta om. Testa med annan dator. Testa med annan internetanslutning (om s\u00e5dan finnes, annars hos granne eller bekant med fiber som fungerar.)<br \/>\nKan du n\u00e5 routern via datorn? F\u00f6r att logga in i Netatonce-routern g\u00e5r man till <a href=\"http:\/\/192.168.26.1\">http:\/\/192.168.26.1<\/a><br \/>\nLogga in med Anv.namn: <strong>user<\/strong>, L\u00f6senord:<em> St\u00e5r p\u00e5 baksidan eller p\u00e5 den medf\u00f6ljande klisterlappen. Alla routrar har unikt l\u00f6senord. F\u00f6rv\u00e4xla inte med WIFI l\u00f6senordet.<\/em><\/p>\n<p>Kan du logga in p\u00e5 routern MEN inte kommer ut p\u00e5 internet \u00e4ven efter omstart av router och dator &#8211; d\u00e5 \u00e4r nog routern trasig<strong>.<br \/>\n<\/strong> <a href=\"http:\/\/www.netatonce.se\/kontakt\">Kontakta Netatonce h\u00e4r<\/a><\/p>\n<h4><a href=\"http:\/\/netatonce.se\/driftinfo\">Kontrollera om det \u00e4r ett k\u00e4nt fel hos Netatonce<\/a><\/h4>\n<h3>**************************************<\/h3>\n<h4><\/h4>\n<h4>EG300 \/400 (Gamla routern):<\/h4>\n<h4>Kontrollera om sj\u00e4lva fibern har signal:<\/h4>\n<p>Direkt n\u00e4r man sl\u00e5r p\u00e5 str\u00f6mmen till routern EG300 s\u00e5 skall gul lysdiod t\u00e4ndas och gr\u00f6n lysdiod blinka vid det r\u00f6da n\u00e4tverksuttaget p\u00e5 baksidan (WAN) Detta n\u00e4tverksuttag anv\u00e4nder vi ej, men \u00e4r parallellkopplad med fibermodulen p\u00e5 undersidan, det \u00e4r d\u00e4rf\u00f6r den blinkar.<br \/>\n<em><strong>Netatonce har b\u00f6rjat distribuera EG400 routrar &#8211; ser snarlika ut, men WAN uttagets gula lampa lyser inte vid l\u00e4nk. Detta \u00e4r normalt f\u00f6r denna modell! Gr\u00f6n \u00e4r b\u00e5de l\u00e4nk och trafikindikator.<\/strong><\/em><\/p>\n<p><img loading=\"lazy\" decoding=\"async\" class=\"alignnone size-full wp-image-1435\" src=\"https:\/\/www.haggadalensfiber.se\/wp-content\/uploads\/2016\/12\/EG300_Fiberlankindikator.jpg\" alt=\"\" width=\"800\" height=\"530\" \/><strong>Om WAN uttagets lampor INTE lyser\/blinkar<\/strong> har fibern avbrott n\u00e5gonstans och <strong><a href=\"https:\/\/www.haggadalensfiber.se\/?page_id=1293\">m\u00e5ste d\u00e5 fels\u00f6kas av f\u00f6reningen<\/a>. Kontrollera att fiberkabeln sitter i ordentligt i uttaget p\u00e5 undersidan. <\/strong>Gula lampan skall alltid lysa med fast sken (L\u00e4nk 1000Mbit\/s mellan noden och routern), gr\u00f6na ska blinka (indikerar trafik p\u00e5 fibern).<strong><br \/>\n<\/strong><\/p>\n<p><img loading=\"lazy\" decoding=\"async\" class=\"alignnone size-full wp-image-1444\" src=\"https:\/\/www.haggadalensfiber.se\/wp-content\/uploads\/2016\/12\/fiber-i-router.jpg\" alt=\"\" width=\"600\" height=\"338\" \/><\/p>\n<p>N\u00e4r routern har startat upp ordentligt skall \u00e4ven fiberl\u00e4nk-indikatorn p\u00e5 den svarta displayen lysa gr\u00f6nt.<br \/>\n<strong>En fungerande router skall se ut s\u00e5 h\u00e4r:<\/strong><\/p>\n<p><img loading=\"lazy\" decoding=\"async\" class=\"size-full wp-image-1227 alignnone\" src=\"https:\/\/www.haggadalensfiber.se\/wp-content\/uploads\/2016\/06\/Vad_betyder_lamporna.jpg\" alt=\"\" width=\"242\" height=\"367\" \/><br \/>\nDe viktiga lamporna h\u00e4r \u00e4r Fiber link och Internet\u00e5tkomst. Om WAN uttagets lampor inte lyser kommer inte heller Fiberlink att t\u00e4ndas, och Internet\u00e5tkomst (Jordgloben) blir r\u00f6d.<\/p>\n<p><strong>Om WAN uttagets lampor lyser (gul) \/ blinkar (gr\u00f6n), MEN routern inte startar som den ska<\/strong>, d\u00e5 \u00e4r fibern hel, men routern beh\u00f6ver fels\u00f6kas\/bytas ut. Detta g\u00f6rs av Netatonce kundtj\u00e4nst. F\u00f6reningen har ett litet lager av routrar f\u00f6r snabbt utbyte. Det \u00e4r dock Netatonce som avg\u00f6r om utbyte skall ske!<br \/>\n<a href=\"http:\/\/www.netatonce.se\/kontakt\">Kontakta Netatonce h\u00e4r<\/a><\/p>\n<p><strong>Om routern ser r\u00e4tt ut<\/strong>, f\u00f6rs\u00e4kra dig om att det inte \u00e4r datorn som br\u00e5kar. Starta om. Testa med annan dator. Testa med annan internetanslutning (om s\u00e5dan finnes, annars hos granne eller bekant med fiber som fungerar.)<br \/>\nKan du n\u00e5 routern via datorn? F\u00f6r att logga in i Netatonce-routern g\u00e5r man till <a href=\"http:\/\/192.168.26.1\">http:\/\/192.168.26.1<\/a><br \/>\nLogga in med Anv.namn: <strong>user<\/strong>, L\u00f6senord: <strong>user<\/strong><\/p>\n<p>Kan du logga in p\u00e5 routern MEN inte kommer ut p\u00e5 internet \u00e4ven efter omstart av router och dator &#8211; d\u00e5 \u00e4r nog routern trasig<strong>.<br \/>\n<\/strong> <a href=\"http:\/\/www.netatonce.se\/kontakt\">Kontakta Netatonce h\u00e4r<\/a><\/p>\n<h4><a href=\"http:\/\/netatonce.se\/driftinfo\">Kontrollera om det \u00e4r ett k\u00e4nt fel hos Netatonce<\/a><\/h4>\n<h3>***********************************************<\/h3>\n<h3>Problem med WIFI<\/h3>\n<h4>Fungerar inte WIFI alls?<\/h4>\n<p><strong>Om den bl\u00e5 wifi ikonen inte lyser<\/strong>, \u00e4r det bara att l\u00e4gga fingret p\u00e5 den bl\u00e5 ikonen tills alla lamporna blinkar till (ca 5 sek), sedan sl\u00e4pp. D\u00e5 ska den bl\u00e5 lampan starta efter ca 10 sek.<br \/>\nMan kan \u00e4ven logga in i routern med en webbrowser och bl.a. sl\u00e5 p\u00e5 och av wifi, g\u00e5 till <a href=\"http:\/\/192.168.26.1\">http:\/\/192.168.26.1<\/a><br \/>\nLogga in med Anv.namn: <strong>user<\/strong>, L\u00f6senord: <strong>user<\/strong><\/p>\n<p>Lyser inga lampor (normalt 3 eller 4 gr\u00f6na) \u00e4r det nog ett routerfel, och d\u00e5 byter Netatonce ut den n\u00e4r du kontaktar deras kundservice. Men testa att l\u00e4gga fingret p\u00e5 Wifi-ikonen f\u00f6rst.<\/p>\n<p><img loading=\"lazy\" decoding=\"async\" class=\"alignnone size-full wp-image-1227\" src=\"https:\/\/www.haggadalensfiber.se\/wp-content\/uploads\/2016\/06\/Vad_betyder_lamporna.jpg\" alt=\"\" width=\"242\" height=\"367\" \/><\/p>\n<p>Kjell &amp; co har en bra kunskapsbank f\u00f6r fels\u00f6kning av WIFI:<br \/>\n<a href=\"https:\/\/www.kjell.com\/se\/kunskap\/hur-funkar-det\/internet\/lokala-natverk\/hastigheter-i-lokala-natverk\">https:\/\/www.kjell.com\/se\/fraga-kjell\/hur-funkar-det\/natverk\/lokala-natverk\/battre-tradlos-tackning<\/a><\/p>\n<h3>***********************************************<\/h3>\n<h3>Problem med Telefoni<\/h3>\n<p>P\u00e5 den svarta displayen finns tv\u00e5 lampor f\u00f6r telefoni samt tv\u00e5 RJ11 uttag (gr\u00f6na) f\u00f6r fast telefon<\/p>\n<p><img loading=\"lazy\" decoding=\"async\" class=\"alignnone size-full wp-image-1436\" src=\"https:\/\/www.haggadalensfiber.se\/wp-content\/uploads\/2016\/12\/EG300_tele.jpg\" alt=\"\" width=\"743\" height=\"278\" srcset=\"https:\/\/www.haggadalensfiber.se\/wp-content\/uploads\/2016\/12\/EG300_tele.jpg 743w, https:\/\/www.haggadalensfiber.se\/wp-content\/uploads\/2016\/12\/EG300_tele-600x224.jpg 600w\" sizes=\"auto, (max-width: 743px) 100vw, 743px\" \/><\/p>\n<p>Telefoni-indikatorn lyser gr\u00f6nt om du har best\u00e4llt telefoni via Netatonce (Det ing\u00e5r i gruppanslutningen, men g\u00e5r att tacka nej till). Indikatorn blinkar vid inkommande samtal.<\/p>\n<p>Telefon ansluts till gr\u00f6na uttaget &#8221;Tel1&#8221;. Har du tr\u00e5dl\u00f6s telefon ansluts basstationens telekabel h\u00e4r. Om du inte har en passande kabel g\u00e5r det att k\u00f6pa i aff\u00e4rer typ Clasohlson, Kjell&amp;co, Netonet etc.<br \/>\nAnsluter du EG300 till husets befintliga telen\u00e4t, gl\u00f6m d\u00e5 inte att koppla bort den inkommande telefonkabeln fr\u00e5n Telia i f\u00f6rsta jacket. Stor risk f\u00f6r \u00e5skskador p\u00e5 routern annars! Fibern \u00e4r ju annars ok\u00e4nslig f\u00f6r \u00e5ska! Rekommenderas inte om du inte \u00e4r van vid s\u00e5dana \u00e5tg\u00e4rder.<\/p>\n<p>EG300 har \u00e4ven inbyggd DECT basstation. Hur du ansluter telefonerna till annan basstation \u00e4n den medf\u00f6ljande framg\u00e5r av telefonens bruksanvisning. P\u00e5 EG300 trycker man p\u00e5 ikonen f\u00f6r &#8221;pairing&#8221; av DECT telefon. Rekommenderas inte om du inte \u00e4r van vid s\u00e5dana \u00e5tg\u00e4rder.<\/p>\n<h3>***********************************************<\/h3>\n<h3>Problem med TV<\/h3>\n<p>Vid problem med TV-mottagning &#8211;<br \/>\nkontakta alltid Telias kundtj\u00e4nst 020 20 20 70.<\/p>\n","protected":false},"excerpt":{"rendered":"<p>Om fiberanslutningen inte fungerar, fels\u00f6k sj\u00e4lv innan du kontaktar f\u00f6reningen eller Netatonce. Det f\u00f6rsta du skall g\u00f6ra om n\u00e5gon apparat kr\u00e5nglar &#8211; starta om den! Det kan r\u00e4cka f\u00f6r att den skall g\u00e5 ig\u00e5ng igen. &#8212;&#8212;&#8212;&#8212;&#8212;&#8212;&#8212;&#8212;&#8212;&#8212;&#8212;&#8212;&#8212;&#8212;&#8212;&#8212;&#8212;&#8212;&#8212;&#8212;&#8212;&#8212;&#8212;&#8212;&#8212; VEM ANSVARAR F\u00d6R VAD? F\u00f6reningen: Att fiberkabeln \u00e4r hel och kan transportera ljus. Netatonce: Tj\u00e4nster i n\u00e4tet (Internet, TV, &hellip; <a href=\"https:\/\/www.haggadalensfiber.se\/?page_id=1434\" class=\"more-link\">Forts\u00e4tt l\u00e4sa <span class=\"screen-reader-text\">Fels\u00f6kning<\/span> <span class=\"meta-nav\">&rarr;<\/span><\/a><\/p>\n","protected":false},"author":2,"featured_media":0,"parent":470,"menu_order":65,"comment_status":"closed","ping_status":"closed","template":"","meta":{"footnotes":""},"class_list":["post-1434","page","type-page","status-publish","hentry"],"_links":{"self":[{"href":"https:\/\/www.haggadalensfiber.se\/index.php?rest_route=\/wp\/v2\/pages\/1434","targetHints":{"allow":["GET"]}}],"collection":[{"href":"https:\/\/www.haggadalensfiber.se\/index.php?rest_route=\/wp\/v2\/pages"}],"about":[{"href":"https:\/\/www.haggadalensfiber.se\/index.php?rest_route=\/wp\/v2\/types\/page"}],"author":[{"embeddable":true,"href":"https:\/\/www.haggadalensfiber.se\/index.php?rest_route=\/wp\/v2\/users\/2"}],"replies":[{"embeddable":true,"href":"https:\/\/www.haggadalensfiber.se\/index.php?rest_route=%2Fwp%2Fv2%2Fcomments&post=1434"}],"version-history":[{"count":28,"href":"https:\/\/www.haggadalensfiber.se\/index.php?rest_route=\/wp\/v2\/pages\/1434\/revisions"}],"predecessor-version":[{"id":2811,"href":"https:\/\/www.haggadalensfiber.se\/index.php?rest_route=\/wp\/v2\/pages\/1434\/revisions\/2811"}],"up":[{"embeddable":true,"href":"https:\/\/www.haggadalensfiber.se\/index.php?rest_route=\/wp\/v2\/pages\/470"}],"wp:attachment":[{"href":"https:\/\/www.haggadalensfiber.se\/index.php?rest_route=%2Fwp%2Fv2%2Fmedia&parent=1434"}],"curies":[{"name":"wp","href":"https:\/\/api.w.org\/{rel}","templated":true}]}}