{"id":1293,"date":"2016-07-13T23:50:11","date_gmt":"2016-07-13T22:50:11","guid":{"rendered":"http:\/\/www.haggadalensfiber.se\/?page_id=1293"},"modified":"2025-09-29T20:25:51","modified_gmt":"2025-09-29T19:25:51","slug":"felanmalan","status":"publish","type":"page","link":"https:\/\/www.haggadalensfiber.se\/?page_id=1293","title":{"rendered":"Felanm\u00e4lan"},"content":{"rendered":"<h1>Felanm\u00e4lan<\/h1>\n<h2><a href=\"http:\/\/www.haggadalensfiber.se\/?page_id=1434\">Har du gjort en egen fels\u00f6kning?<\/a><\/h2>\n<h5>Om fibern fungerat tidigare, men slutat fungera,<br \/>\nring Netatonce, 0771-404400<br \/>\n<a href=\"http:\/\/www.netatonce.se\/kontakt\">http:\/\/www.netatonce.se\/kontakt<\/a><\/h5>\n<h6>Om inte Netatonce l\u00f6ser felet efter f\u00f6rsta kontakten, kontakta f\u00f6reningen nedan s\u00e5 tittar vi p\u00e5 vad som \u00e4r fel. Det f\u00f6rekommer att fibern r\u00f6r sig i slangarna och hamnar i kl\u00e4m och inte kan leda ljus s\u00e5 bra l\u00e4ngre. Yttrar sig i &#8221;signalen kommer och g\u00e5r&#8221;<\/h6>\n<h4>VEM ANSVARAR F\u00d6R VAD?<\/h4>\n<h6>F\u00f6reningen:<br \/>\nAtt fiberkabeln \u00e4r hel och kan transportera ljus.<\/h6>\n<h6>Netatonce:<br \/>\nTj\u00e4nster i n\u00e4tet (Internet, TV, Telefon), Routern.<\/h6>\n<h6>Telia:<br \/>\nAbonnemangsfr\u00e5gor g\u00e4llande TV, Problem med sj\u00e4lva TV-boxen<\/h6>\n<p>\u2014\u2014\u2014\u2014\u2014\u2014\u2014\u2014\u2014\u2014\u2014\u2014\u2014\u2014\u2014\u2014\u2014\u2014\u2014\u2014\u2014\u2014\u2014\u2014\u2014<\/p>\n<h2>Viktigt:<\/h2>\n<h4>Skriv Gatuadress samt kort felbeskrivning.<br \/>\n(Ex1: Danska v\u00e4gen 1 &#8211; R\u00f6d jordglob)<br \/>\n(Ex2: G\u00e4rdebov\u00e4gen 1 &#8211; Fiberkabel trasig)<\/h4>\n<p>I mailet skriver du f\u00f6ljande: (s\u00e5 komplett du kan)<\/p>\n<ul>\n<li>Namn<\/li>\n<li>Gatuadress<\/li>\n<li>Telefonnummer d\u00e4r vi kan n\u00e5 er<\/li>\n<li>Kortfattad beskrivning vad som \u00e4r fel<\/li>\n<\/ul>\n<h5>Maila till<br \/>\n<a href=\"m&#97;&#x69;&#x6c;t&#111;&#x3a;&#x66;e&#108;&#64;&#x68;&#x61;g&#103;&#x61;&#x64;a&#108;&#x65;&#x6e;s&#102;&#105;&#x62;&#x65;r&#46;&#x73;&#x65;\">&#x66;&#x65;&#x6c;&#64;&#104;&#97;gg&#x61;&#x64;&#x61;&#x6c;&#101;&#110;sf&#x69;&#x62;&#x65;&#x72;&#46;&#115;e<\/a> med ovanst\u00e5ende information<\/h5>\n<h1>Anm\u00e4l inte samma fel flera g\u00e5nger!<br \/>\n(Men maila g\u00e4rna om det l\u00f6st sig!)<\/h1>\n<h4>Vi\u00a0 jobbar ideellt. Respektera att vi inte alltid kan komma direkt.<\/h4>\n","protected":false},"excerpt":{"rendered":"<p>Felanm\u00e4lan Har du gjort en egen fels\u00f6kning? Om fibern fungerat tidigare, men slutat fungera, ring Netatonce, 0771-404400 http:\/\/www.netatonce.se\/kontakt Om inte Netatonce l\u00f6ser felet efter f\u00f6rsta kontakten, kontakta f\u00f6reningen nedan s\u00e5 tittar vi p\u00e5 vad som \u00e4r fel. Det f\u00f6rekommer att fibern r\u00f6r sig i slangarna och hamnar i kl\u00e4m och inte kan leda ljus s\u00e5 &hellip; <a href=\"https:\/\/www.haggadalensfiber.se\/?page_id=1293\" class=\"more-link\">Forts\u00e4tt l\u00e4sa <span class=\"screen-reader-text\">Felanm\u00e4lan<\/span> <span class=\"meta-nav\">&rarr;<\/span><\/a><\/p>\n","protected":false},"author":2,"featured_media":0,"parent":470,"menu_order":80,"comment_status":"closed","ping_status":"closed","template":"","meta":{"footnotes":""},"class_list":["post-1293","page","type-page","status-publish","hentry"],"_links":{"self":[{"href":"https:\/\/www.haggadalensfiber.se\/index.php?rest_route=\/wp\/v2\/pages\/1293","targetHints":{"allow":["GET"]}}],"collection":[{"href":"https:\/\/www.haggadalensfiber.se\/index.php?rest_route=\/wp\/v2\/pages"}],"about":[{"href":"https:\/\/www.haggadalensfiber.se\/index.php?rest_route=\/wp\/v2\/types\/page"}],"author":[{"embeddable":true,"href":"https:\/\/www.haggadalensfiber.se\/index.php?rest_route=\/wp\/v2\/users\/2"}],"replies":[{"embeddable":true,"href":"https:\/\/www.haggadalensfiber.se\/index.php?rest_route=%2Fwp%2Fv2%2Fcomments&post=1293"}],"version-history":[{"count":22,"href":"https:\/\/www.haggadalensfiber.se\/index.php?rest_route=\/wp\/v2\/pages\/1293\/revisions"}],"predecessor-version":[{"id":2788,"href":"https:\/\/www.haggadalensfiber.se\/index.php?rest_route=\/wp\/v2\/pages\/1293\/revisions\/2788"}],"up":[{"embeddable":true,"href":"https:\/\/www.haggadalensfiber.se\/index.php?rest_route=\/wp\/v2\/pages\/470"}],"wp:attachment":[{"href":"https:\/\/www.haggadalensfiber.se\/index.php?rest_route=%2Fwp%2Fv2%2Fmedia&parent=1293"}],"curies":[{"name":"wp","href":"https:\/\/api.w.org\/{rel}","templated":true}]}}